{"id":1063,"date":"2021-09-22T00:46:10","date_gmt":"2021-09-22T00:46:10","guid":{"rendered":"https:\/\/taxsmartinvesting.org\/?page_id=1063"},"modified":"2026-04-30T11:04:07","modified_gmt":"2026-04-30T18:04:07","slug":"schedule","status":"publish","type":"page","link":"https:\/\/taxsmartinvesting.org\/es\/schedule\/","title":{"rendered":"Horario"},"content":{"rendered":"<div class=\"et_pb_section_0 et_pb_section et_section_regular et_block_section\"><div class=\"et_pb_row_0 et_pb_row et_block_row\"><div class=\"et_pb_column_0 et_pb_column et_pb_column_4_4 et-last-child et_block_column et_pb_css_mix_blend_mode_passthrough\"><div class=\"et_pb_cta_0 et_pb_promo et_pb_bg_layout_dark et_pb_module et_block_module\"><div class=\"et_pb_promo_description\"><h1 class=\"et_pb_module_header\">Programar Su Conversaci\u00f3n<\/h1><div class=\"et_pb_promo_content\"><p>A menudo hay un importante tema concreto en su vida financiera que ha llevado a que de llegar a nosotros. Entendemos que abordar esta cuesti\u00f3n es la m\u00e1s importante en su mente. Nuestro objetivo en nuestra primera reuni\u00f3n es analizar su situaci\u00f3n y c\u00f3mo nos pueden ofrecer apoyo.<\/p>\n<\/div><\/div><\/div><\/div><\/div><div class=\"et_pb_row_1 et_pb_row et_block_row\"><div class=\"et_pb_column_1 et_pb_column et_pb_column_4_4 et-last-child et_block_column et_pb_css_mix_blend_mode_passthrough\"><div class=\"et_pb_code_0 et_pb_code et_pb_module\"><div class=\"et_pb_code_inner\"><iframe src='https:\/\/outlook.office.com\/book\/Consultation@taxsmartinvesting.org\/' width='60%' height= \"600px\" scrolling='yes' style='border:0'><\/iframe><\/div><\/div><\/div><\/div><\/div>","protected":false},"excerpt":{"rendered":"","protected":false},"author":1,"featured_media":0,"parent":0,"menu_order":0,"comment_status":"closed","ping_status":"closed","template":"","meta":{"footnotes":""},"class_list":["post-1063","page","type-page","status-publish","hentry"],"_links":{"self":[{"href":"https:\/\/taxsmartinvesting.org\/es\/wp-json\/wp\/v2\/pages\/1063","targetHints":{"allow":["GET"]}}],"collection":[{"href":"https:\/\/taxsmartinvesting.org\/es\/wp-json\/wp\/v2\/pages"}],"about":[{"href":"https:\/\/taxsmartinvesting.org\/es\/wp-json\/wp\/v2\/types\/page"}],"author":[{"embeddable":true,"href":"https:\/\/taxsmartinvesting.org\/es\/wp-json\/wp\/v2\/users\/1"}],"replies":[{"embeddable":true,"href":"https:\/\/taxsmartinvesting.org\/es\/wp-json\/wp\/v2\/comments?post=1063"}],"version-history":[{"count":52,"href":"https:\/\/taxsmartinvesting.org\/es\/wp-json\/wp\/v2\/pages\/1063\/revisions"}],"predecessor-version":[{"id":243799,"href":"https:\/\/taxsmartinvesting.org\/es\/wp-json\/wp\/v2\/pages\/1063\/revisions\/243799"}],"wp:attachment":[{"href":"https:\/\/taxsmartinvesting.org\/es\/wp-json\/wp\/v2\/media?parent=1063"}],"curies":[{"name":"wp","href":"https:\/\/api.w.org\/{rel}","templated":true}]}}