{"id":1397,"date":"2021-10-01T03:30:19","date_gmt":"2021-10-01T03:30:19","guid":{"rendered":"https:\/\/taxsmartinvesting.org\/?page_id=1397"},"modified":"2026-04-30T11:04:09","modified_gmt":"2026-04-30T18:04:09","slug":"business-financial-planning","status":"publish","type":"page","link":"https:\/\/taxsmartinvesting.org\/es\/business-financial-planning\/","title":{"rendered":"Propietarios De Peque\u00f1as Empresas"},"content":{"rendered":"<div class=\"et_pb_section_0 et_pb_section et_section_regular et_block_section\"><div class=\"et_pb_row_0 et_pb_row et_block_row\"><div class=\"et_pb_column_0 et_pb_column et_pb_column_4_4 et-last-child et_block_column et_pb_css_mix_blend_mode_passthrough\"><div class=\"et_pb_blurb_0 et_pb_blurb et_pb_bg_layout_light et_pb_blurb_position_top et_pb_module et_block_module\"><div class=\"et_pb_blurb_content\"><div class=\"et_pb_blurb_container\"><h1 class=\"et_pb_module_header\">Financiera De La Empresa De Planificaci\u00f3n Del Condado De Orange<\/h1><\/div><\/div><\/div><div class=\"et_pb_blurb_1 et_pb_blurb et_pb_bg_layout_light et_pb_blurb_position_top et_pb_module et_block_module\"><div class=\"et_pb_blurb_content\"><div class=\"et_pb_blurb_container\"><h2 class=\"et_pb_module_header\">Nuestros Negocios Financieros Servicios de Planificaci\u00f3n en el Condado de Orange<\/h2><div class=\"et_pb_blurb_description\"><p>El negocio de la planificaci\u00f3n financiera es una integraci\u00f3n de las consideraciones financieras, a corto plazo y largo plazo, estrategias de implementaci\u00f3n, y una orquestaci\u00f3n de factores m\u00e1s all\u00e1 del d\u00eda a d\u00eda de las operaciones de negocio.<\/p>\n<p>Si su negocio tiene complejidades de m\u00faltiples entidad de las estructuras, los distintos propietarios y un gran n\u00famero de empleados, o simplemente a ti mismo y\/o subcontratado contratistas, nos puede ayudar a examinar c\u00f3mo racionalizar sus gastos, las estrategias para reducir o eliminar el impuesto de auto-empleo, en \u00faltima instancia, el dise\u00f1o de la mejor estructura para el flujo de efectivo y los impuestos, mientras que simult\u00e1neamente dise\u00f1ar el mejor plan para su futura jubilaci\u00f3n en una estrategia de salida.<\/p>\n<p>El funcionamiento de su negocio deber\u00eda ser su foco principal y el tiempo y los gastos de cualquier cosa que no beneficia a su negocio, o su l\u00ednea de fondo, no es digno de sus esfuerzos. Empresa de planificaci\u00f3n financiera permite ver su funcionamiento desde la perspectiva \u00fanica de la cuantificaci\u00f3n de c\u00f3mo todos los financieros, las piezas encajan, y donde la eficiencia puede ser implementado. Averig\u00fce c\u00f3mo su negocio, y usted personalmente, podr\u00eda beneficiarse de una perspectiva fresca.\u00a0<\/p>\n<\/div><\/div><\/div><\/div><\/div><\/div><div class=\"et_pb_row_1 et_pb_row et_block_row\"><div class=\"et_pb_column_1 et_pb_column et_pb_column_1_2 et_block_column et_pb_css_mix_blend_mode_passthrough\"><div class=\"et_pb_blurb_2 et_pb_blurb et_pb_bg_layout_light et_pb_blurb_position_top et_pb_module et_block_module\"><div class=\"et_pb_blurb_content\"><div class=\"et_pb_main_blurb_image\"><span class=\"et_pb_image_wrap et_pb_only_image_mode_wrap\"><img decoding=\"async\" src=\"https:\/\/taxsmartinvesting.org\/wp-content\/uploads\/2022\/06\/business-financial-planning.jpg\" width=\"1200\" height=\"723\" srcset=\"https:\/\/taxsmartinvesting.org\/wp-content\/uploads\/2022\/06\/business-financial-planning.jpg 1200w, https:\/\/taxsmartinvesting.org\/wp-content\/uploads\/2022\/06\/business-financial-planning-980x590.jpg 980w, https:\/\/taxsmartinvesting.org\/wp-content\/uploads\/2022\/06\/business-financial-planning-480x289.jpg 480w\" sizes=\"(min-width: 0px) and (max-width: 480px) 480px, (min-width: 481px) and (max-width: 980px) 980px, (min-width: 981px) 1200px, 100vw\" class=\"et_animated wp-image-240351\" alt=\"business financial planning\" \/><\/span><\/div><div class=\"et_pb_blurb_container\"><h4 class=\"et_pb_module_header\">Nuestros esfuerzos son en apoyo a todas las promesas que te he hecho a ti mismo para tener \u00e9xito.<\/h4><\/div><\/div><\/div><\/div><div class=\"et_pb_column_2 et_pb_column et_pb_column_1_2 et-last-child et_block_column et_pb_css_mix_blend_mode_passthrough\"><div class=\"et_pb_blurb_3 et_pb_blurb et_pb_bg_layout_light et_pb_blurb_position_top et_pb_module et_block_module\"><div class=\"et_pb_blurb_content\"><div class=\"et_pb_blurb_container\"><div class=\"et_pb_blurb_description\" data-et-mv-hidden-tablet=\"true\"><p><span style=\"font-weight: 400;\"><\/span><\/p>\n<p><span style=\"font-weight: 400;\"><\/span><\/p>\n<p><span style=\"font-weight: 400;\"><\/span><\/p>\n<p><strong>Ser due\u00f1o de un negocio es <\/strong><b>m\u00e1s que un trabajo de tiempo completo<\/b><span style=\"font-weight: 400;\"> Abordar las necesidades de sus empleados y su negocio, administrar sus finanzas personales y empresariales, mitigar los riesgos financieros de su empresa, evaluar sus impuestos y planificar su jubilaci\u00f3n. La planificaci\u00f3n financiera empresarial puede ayudarle a organizar y optimizar estos procesos.<\/span><\/p>\n<p style=\"text-align: left;\"><span style=\"font-weight: 400;\">Como experto en su campo, usted comprende el valor de su tiempo y los beneficios que se pueden obtener de una asociaci\u00f3n para respaldar sus consideraciones financieras. <b>Nuestros<\/b><\/span><b> servicios de planificaci\u00f3n financiera empresarial en el condado de Orange <\/b><span style=\"font-weight: 400;\">le ayudar\u00e1 a integrar su negocio en su plan financiero y le brindar\u00e1 el asesoramiento que mejor se adapte a sus intereses como empresario.<\/span><\/p>\n<p style=\"text-align: left;\"><span style=\"font-weight: 400;\">Incluso si su empresa no cuenta con empleados, muchas de las opciones disponibles para empresas m\u00e1s grandes tambi\u00e9n pueden aplicarse a su estructura. Se trata m\u00e1s bien de comprender cu\u00e1les son sus opciones e implementar las estrategias que mejor se adapten a sus necesidades.<\/span><\/p>\n<\/div><\/div><\/div><\/div><\/div><\/div><\/div><div class=\"et_pb_section_1 et_pb_section et_section_regular et_block_section\"><div class=\"et_pb_row_2 et_pb_row et_block_row\"><div class=\"et_pb_column_3 et_pb_column et_pb_column_4_4 et-last-child et_block_column et_pb_css_mix_blend_mode_passthrough\"><div class=\"et_pb_cta_0 et_pb_promo et_pb_bg_layout_dark et_clickable et_pb_module et_block_module\"><div class=\"et_pb_promo_description\"><h2 class=\"et_pb_module_header\">Programar una conversaci\u00f3n para su negocio financiero de las necesidades de planificaci\u00f3n en el Condado de Orange<\/h2><div class=\"et_pb_promo_content\"><p>Si usted ha estado en el negocio por un tiempo, usted entiende que la planificaci\u00f3n del negocio comenz\u00f3 como la hoja de ruta o plan de que era s\u00f3lo acerca de c\u00f3mo ejecutar su negocio. Hoy en d\u00eda, usted entiende que la planificaci\u00f3n de negocios es m\u00e1s acerca de la afinaci\u00f3n de los gastos, la rentabilidad, la creaci\u00f3n de impuestos de la eficiencia, y, finalmente, la continuaci\u00f3n y estrategias de salida.<\/p>\n<\/div><\/div><div class=\"et_pb_button_wrapper\"><a class=\"et_pb_button et_pb_promo_button\" target=\"_blank\" href=\"https:\/\/taxsmartinvesting.org\/es\/schedule\/\" data-icon=\"5\" rel=\"noreferrer\">P\u00f3ngase En Contacto Con Nosotros<\/a><\/div><\/div><\/div><\/div><\/div><div class=\"et_pb_section_2 et_pb_section et_section_regular et_block_section\"><div class=\"et_pb_row_3 et_pb_row et_block_row\"><div class=\"et_pb_column_4 et_pb_column et_pb_column_1_2 et_block_column et_pb_css_mix_blend_mode_passthrough\"><div class=\"et_pb_blurb_4 et_pb_blurb et_pb_bg_layout_dark et_pb_blurb_position_left et_animated et_pb_module et_block_module\"><div class=\"et_pb_blurb_content\"><div class=\"et_pb_main_blurb_image\"><span class=\"et_pb_image_wrap\"><span class=\"et-pb-icon et_animated et_animated\">\ue052<\/span><\/span><\/div><div class=\"et_pb_blurb_container\"><h4 class=\"et_pb_module_header\">Entidad corporativa, son en la mayor\u00eda de los impuestos-estructura eficiente?<\/h4><\/div><\/div><\/div><div class=\"et_pb_blurb_5 et_pb_blurb et_pb_bg_layout_dark et_pb_blurb_position_left et_animated et_pb_module et_block_module\"><div class=\"et_pb_blurb_content\"><div class=\"et_pb_main_blurb_image\"><span class=\"et_pb_image_wrap\"><span class=\"et-pb-icon et_animated et_animated\">\ue052<\/span><\/span><\/div><div class=\"et_pb_blurb_container\"><h4 class=\"et_pb_module_header\">Hay medidas de ahorro que usted puede implementar sin reducir la calidad o servicios?<\/h4><\/div><\/div><\/div><div class=\"et_pb_blurb_6 et_pb_blurb et_pb_bg_layout_dark et_pb_blurb_position_left et_animated et_pb_module et_block_module\"><div class=\"et_pb_blurb_content\"><div class=\"et_pb_main_blurb_image\"><span class=\"et_pb_image_wrap\"><span class=\"et-pb-icon et_animated et_animated\">\ue052<\/span><\/span><\/div><div class=\"et_pb_blurb_container\"><h4 class=\"et_pb_module_header\">Lo que est\u00e1n haciendo con a corto y largo plazo el exceso de dinero en efectivo?<\/h4><\/div><\/div><\/div><div class=\"et_pb_blurb_7 et_pb_blurb et_pb_bg_layout_dark et_pb_blurb_position_left et_animated et_pb_module et_block_module\"><div class=\"et_pb_blurb_content\"><div class=\"et_pb_main_blurb_image\"><span class=\"et_pb_image_wrap\"><span class=\"et-pb-icon et_animated et_animated\">\ue052<\/span><\/span><\/div><div class=\"et_pb_blurb_container\"><h4 class=\"et_pb_module_header\">\u00bfTiene usted un acuerdo de compra-venta con su pareja(s)?<\/h4><\/div><\/div><\/div><div class=\"et_pb_blurb_8 et_pb_blurb et_pb_bg_layout_dark et_pb_blurb_position_left et_animated et_pb_module et_block_module\"><div class=\"et_pb_blurb_content\"><div class=\"et_pb_main_blurb_image\"><span class=\"et_pb_image_wrap\"><span class=\"et-pb-icon et_animated et_animated\">\ue052<\/span><\/span><\/div><div class=\"et_pb_blurb_container\"><h4 class=\"et_pb_module_header\">\u00bfTiene usted un plan de jubilaci\u00f3n en el lugar que tiene beneficios que superan a sus costos?<\/h4><\/div><\/div><\/div><div class=\"et_pb_blurb_9 et_pb_blurb et_pb_bg_layout_dark et_pb_blurb_position_left et_animated et_pb_module et_block_module\"><div class=\"et_pb_blurb_content\"><div class=\"et_pb_main_blurb_image\"><span class=\"et_pb_image_wrap\"><span class=\"et-pb-icon et_animated et_animated\">\ue052<\/span><\/span><\/div><div class=\"et_pb_blurb_container\"><h4 class=\"et_pb_module_header\">\u00bfSu plan de jubilaci\u00f3n le permiten contribuir suficiente?<\/h4><\/div><\/div><\/div><div class=\"et_pb_blurb_10 et_pb_blurb et_pb_bg_layout_dark et_pb_blurb_position_left et_animated et_pb_module et_block_module\"><div class=\"et_pb_blurb_content\"><div class=\"et_pb_main_blurb_image\"><span class=\"et_pb_image_wrap\"><span class=\"et-pb-icon et_animated et_animated\">\ue052<\/span><\/span><\/div><div class=\"et_pb_blurb_container\"><h4 class=\"et_pb_module_header\">Hacer de integrar su planificaci\u00f3n personal con su negocio de planificaci\u00f3n financiera?<\/h4><\/div><\/div><\/div><div class=\"et_pb_blurb_11 et_pb_blurb et_pb_bg_layout_dark et_pb_blurb_position_left et_animated et_pb_module et_block_module\"><div class=\"et_pb_blurb_content\"><div class=\"et_pb_main_blurb_image\"><span class=\"et_pb_image_wrap\"><span class=\"et-pb-icon et_animated et_animated\">\ue052<\/span><\/span><\/div><div class=\"et_pb_blurb_container\"><h4 class=\"et_pb_module_header\">Est\u00e1s pagando a s\u00ed mismo en la mayor\u00eda de los impuestos de manera eficiente?<\/h4><\/div><\/div><\/div><div class=\"et_pb_blurb_12 et_pb_blurb et_pb_bg_layout_dark et_pb_blurb_position_left et_animated et_pb_module et_block_module\"><div class=\"et_pb_blurb_content\"><div class=\"et_pb_main_blurb_image\"><span class=\"et_pb_image_wrap\"><span class=\"et-pb-icon et_animated et_animated\">\ue052<\/span><\/span><\/div><div class=\"et_pb_blurb_container\"><h4 class=\"et_pb_module_header\">\u00bfToma usted en los inversores, si es as\u00ed, \u00bfc\u00f3mo se estructura la oferta?<\/h4><\/div><\/div><\/div><div class=\"et_pb_blurb_13 et_pb_blurb et_pb_bg_layout_dark et_pb_blurb_position_left et_animated et_pb_module et_block_module\"><div class=\"et_pb_blurb_content\"><div class=\"et_pb_main_blurb_image\"><span class=\"et_pb_image_wrap\"><span class=\"et-pb-icon et_animated et_animated\">\ue052<\/span><\/span><\/div><div class=\"et_pb_blurb_container\"><h4 class=\"et_pb_module_header\">La migraci\u00f3n de los contratistas a los empleados, cuando \u00bftiene sentido?<\/h4><\/div><\/div><\/div><div class=\"et_pb_blurb_14 et_pb_blurb et_pb_bg_layout_dark et_pb_blurb_position_left et_animated et_pb_module et_block_module\"><div class=\"et_pb_blurb_content\"><div class=\"et_pb_main_blurb_image\"><span class=\"et_pb_image_wrap\"><span class=\"et-pb-icon et_animated et_animated\">\ue052<\/span><\/span><\/div><div class=\"et_pb_blurb_container\"><h4 class=\"et_pb_module_header\">Se ahorra dinero que le est\u00e1 costando en impuestos?<\/h4><\/div><\/div><\/div><div class=\"et_pb_blurb_15 et_pb_blurb et_pb_bg_layout_dark et_pb_blurb_position_left et_animated et_pb_module et_block_module\"><div class=\"et_pb_blurb_content\"><div class=\"et_pb_main_blurb_image\"><span class=\"et_pb_image_wrap\"><span class=\"et-pb-icon et_animated et_animated\">\ue052<\/span><\/span><\/div><div class=\"et_pb_blurb_container\"><h4 class=\"et_pb_module_header\">\u00bfTiene usted un plan de continuidad en caso de muerte o discapacidad?<\/h4><\/div><\/div><\/div><div class=\"et_pb_blurb_16 et_pb_blurb et_pb_bg_layout_dark et_pb_blurb_position_left et_animated et_pb_module et_block_module\"><div class=\"et_pb_blurb_content\"><div class=\"et_pb_main_blurb_image\"><span class=\"et_pb_image_wrap\"><span class=\"et-pb-icon et_animated et_animated\">\ue052<\/span><\/span><\/div><div class=\"et_pb_blurb_container\"><h4 class=\"et_pb_module_header\">\u00bfHas pensado acerca de la planificaci\u00f3n de la sucesi\u00f3n o de un plan de salida cuando est\u00e9 listo para jubilarse?<\/h4><\/div><\/div><\/div><div class=\"et_pb_blurb_17 et_pb_blurb et_pb_bg_layout_dark et_pb_blurb_position_left et_animated et_pb_module et_block_module\"><div class=\"et_pb_blurb_content\"><div class=\"et_pb_main_blurb_image\"><span class=\"et_pb_image_wrap\"><span class=\"et-pb-icon et_animated et_animated\">\ue052<\/span><\/span><\/div><div class=\"et_pb_blurb_container\"><h4 class=\"et_pb_module_header\">\u00bfCu\u00e1les son los pasos para preparar su negocio para la venta y evitar ahogada por los impuestos, una vez que haces?<\/h4><\/div><\/div><\/div><\/div><div class=\"et_pb_column_5 et_pb_column et_pb_column_1_2 et-last-child et_block_column et_pb_css_mix_blend_mode_passthrough\"><div class=\"et_pb_text_0 et_pb_text et_pb_bg_layout_dark et_animated et_pb_module et_block_module et_pb_text_align_right\"><div class=\"et_pb_text_inner\"><h2>Dif\u00edciles decisiones de negocios rara vez desarrollan cuando la espera, cuando lo hacen, acercarse a ellos mejor preparados<\/h2>\n<p style=\"text-align: left;\">Encontrar su nicho de mercado y la construcci\u00f3n de un negocio a su alrededor era s\u00f3lo el primer desaf\u00edo. Hacer decisiones operativas diarias, y la gesti\u00f3n de todos los aspectos de su negocio es lo que usted haya firmado, pero las decisiones financieras alrededor de todos los dem\u00e1s aspectos de su negocio puede representar un conjunto diferente de desaf\u00edos.<\/p>\n<p style=\"text-align: left;\">Obtener el negocio de asesoramiento para la planificaci\u00f3n financiera que usted necesita, cuando usted lo necesita. Su perspectiva y los objetivos son \u00fanicos, su asesoramiento financiero no deber\u00eda ser diferente.<\/p>\n<\/div><\/div><\/div><\/div><\/div><div class=\"et_pb_section_3 et_pb_section et_section_regular et_block_section\"><div class=\"et_pb_row_4 et_pb_row et_block_row\"><div class=\"et_pb_column_6 et_pb_column et_pb_column_4_4 et-last-child et_block_column et_pb_css_mix_blend_mode_passthrough\"><div class=\"et_pb_blurb_18 et_pb_blurb et_pb_bg_layout_light et_pb_blurb_position_top et_pb_module et_block_module\"><div class=\"et_pb_blurb_content\"><div class=\"et_pb_blurb_container\"><h2 class=\"et_pb_module_header\">\u00bfC\u00f3mo Puede Nuestro Negocio Financiero a los Servicios de Planificaci\u00f3n en el Condado de Orange Ayudar?<\/h2><div class=\"et_pb_blurb_description\"><p><span style=\"font-weight: 400;\">Con un enfoque integral, enfoque personalizado <\/span>combinamos <a href=\"https:\/\/taxsmartinvesting.org\/es\/tax-planning\/\"><b><span style=\"color: #008000;\"><span style=\"color: #339966;\">la planificaci\u00f3n de impuestos,<\/span><\/span><\/b><\/a> empresa de planificaci\u00f3n financiera, y <span style=\"color: #008000;\"><a href=\"https:\/\/taxsmartinvesting.org\/es\/financial-planning\/\" style=\"color: #008000;\"><b><span style=\"color: #339966;\">la planificaci\u00f3n financiera personal<\/span><\/b><\/a><\/span><span style=\"font-weight: 400;\"> para encontrar el punto ideal para su situaci\u00f3n particular como propietario de un negocio. <strong>Trabajamos con la contabilidad adecuado y legal de los profesionales para crear estrategias que pueden ayudar a reducir o diferir los impuestos, maximizar los beneficios de la jubilaci\u00f3n, mitigar los riesgos, y obtener m\u00e1s control sobre su futuro financiero.<\/strong><\/span><\/p>\n<p><i><span style=\"font-weight: 400;\">Ver m\u00e1s sobre nuestros servicios relacionados con:<\/span><\/i><\/p>\n<ul>\n<li><a href=\"https:\/\/taxsmartinvesting.org\/es\/tax-planning\/\"><i><span style=\"font-weight: 400;\"><span style=\"color: #008000;\"><span style=\"color: #339966;\">Planificaci\u00f3n Fiscal Del Condado De Orange<\/span><\/span><\/span><\/i><\/a><\/li>\n<li><a href=\"https:\/\/taxsmartinvesting.org\/es\/financial-planning\/\"><i><span style=\"font-weight: 400;\"><span style=\"color: #339966;\">La Planificaci\u00f3n Financiera Del Condado De Orange<\/span><\/span><\/i><\/a><\/li>\n<\/ul>\n<p><strong><span style=\"font-weight: 400;\">Entre las asociaciones, los empleados y familiares que no tienen escasez de compromisos. <strong>Consideramos que es nuestro deber fiduciario<\/strong><b> para ayudarle a dise\u00f1ar los mejores resultados posibles<\/b>.<\/span><\/strong><\/p>\n<ul><\/ul>\n<\/div><\/div><\/div><\/div><\/div><\/div><\/div><div class=\"et_pb_section_4 et_pb_section et_section_regular et_block_section\"><div class=\"et_pb_row_5 et_pb_row et_block_row\"><div class=\"et_pb_column_7 et_pb_column et_pb_column_4_4 et-last-child et_block_column et_pb_css_mix_blend_mode_passthrough\"><div class=\"et_pb_blurb_19 et_pb_blurb et_pb_bg_layout_light et_pb_blurb_position_top et_pb_module et_block_module\"><div class=\"et_pb_blurb_content\"><div class=\"et_pb_blurb_container\"><h2 class=\"et_pb_module_header\">De peque\u00f1os Negocios de los Planes de Jubilaci\u00f3n en el Condado de Orange<\/h2><div class=\"et_pb_blurb_description\"><p><span style=\"font-weight: 400;\">Ofrecemos servicios de asesor\u00eda para la <\/span><span style=\"font-weight: 400;\">de peque\u00f1os negocios de los planes de jubilaci\u00f3n en el Condado de Orange<\/span>pero un componente importante de la mayor\u00eda de jubilaci\u00f3n consideraciones es que el lugar de trabajo plan de jubilaci\u00f3n. Desde su punto de vista como empleador, usted reconoce la importancia de proporcionar a sus empleados un plan de jubilaci\u00f3n, pero \u00bfpor d\u00f3nde empezar?<\/p>\n<p><span style=\"font-weight: 400;\"><\/span>Un \u00e1rea de especializaci\u00f3n que ofrecemos es el de prestaci\u00f3n de servicios fiduciarios y como se relaciona con los planes 401(k) los planes de jubilaci\u00f3n. Aqu\u00ed se puede abordar el establecimiento de un nuevo plan o ayudar en el asesoramiento de un plan establecido. Dentro del estado de California, el 30 de junio de 2021, los empleadores con 50 o m\u00e1s empleados fueron el mandato de establecer un plan o tomar en el estado de ejecuci\u00f3n CalSavers programa, y ahora al 30 de junio de 2022, m\u00e1s del 70% de las peque\u00f1as empresas, los empleadores con m\u00e1s de 5 y 50 empleados recibieron el mandato para hacer lo mismo.<\/p>\n<p>La comprensi\u00f3n de sus opciones y hacer el mejor negocio financiero de las decisiones de planificaci\u00f3n para su negocio es crucial en lugar de ser impuestas a hacerlo. Incluso si usted comenz\u00f3 a CalSavers<span style=\"color: #ffffff;\"><\/span>, mejores opciones puede ser hecho.<\/p>\n<\/div><\/div><\/div><\/div><\/div><\/div><\/div><div class=\"et_pb_section_5 et_pb_section et_section_regular et_block_section\"><div class=\"et_pb_row_6 et_pb_row et_block_row\"><div class=\"et_pb_column_8 et_pb_column et_pb_column_1_2 et_block_column et_pb_css_mix_blend_mode_passthrough\"><div class=\"et_pb_blurb_20 et_pb_blurb et_pb_bg_layout_dark et_pb_blurb_position_top et_pb_module et_block_module\"><div class=\"et_pb_blurb_content\"><div class=\"et_pb_blurb_container\"><div class=\"et_pb_blurb_description\"><p>Para aquellos de ustedes con los actuales planes 401(k), encontramos m\u00e1s a menudo que no, que m\u00faltiples mejoras son posibles para poco cambio en las tarifas, o incluso ahorro de costes. Los costos para administrar planes se han venido abajo en los \u00faltimos a\u00f1os y, sin embargo, a menudo los cambios no han sido implementados. Costo y selecci\u00f3n de fondos pueden ser sub-\u00f3ptima, costando a usted y a sus empleados a lo largo del tiempo.<\/p>\n<p>La aplicaci\u00f3n de participante regular de educaci\u00f3n y asesor de supervisi\u00f3n puede ser muy valiosa. Este es especialmente el caso cuando se han empleado los planes de jubilaci\u00f3n que se organizan a trav\u00e9s de la n\u00f3mina de las empresas, sin la supervisi\u00f3n directa de asesoramiento financiero de orientaci\u00f3n.<\/p>\n<p>En muchos de los antiguos, m\u00e1s tradicional 401(k) plan de jubilaci\u00f3n dise\u00f1os, como los propietarios, as\u00ed como su muy compensado, a los empleados clave, est\u00e1n limitados en sus contribuciones a su plan de jubilaci\u00f3n. Aunque este dise\u00f1o es justo para la gran mayor\u00eda de sus empleados, est\u00e1 limitado a los ingresos m\u00e1s altos.<\/p>\n<p>Moderno peque\u00f1os negocios plan de jubilaci\u00f3n dise\u00f1o permite la justicia en todos los niveles de ingresos.\u00a0 <em><strong>Evaluar y recomendar el mejor dise\u00f1o de un plan basado en su negocio de planificaci\u00f3n financiera, necesidades, costos y tarifas para gestionar<\/strong><\/em>, as\u00ed como la forma en que los empleados y propietarios por igual pueden beneficiarse mediante la implementaci\u00f3n de dichas mejoras.<\/p>\n<\/div><\/div><\/div><\/div><\/div><div class=\"et_pb_column_9 et_pb_column et_pb_column_1_2 et-last-child et_block_column et_pb_css_mix_blend_mode_passthrough\"><div class=\"et_pb_blurb_21 et_pb_blurb et_pb_bg_layout_dark et_pb_blurb_position_top et_pb_module et_block_module\"><div class=\"et_pb_blurb_content\"><div class=\"et_pb_main_blurb_image\"><span class=\"et_pb_image_wrap et_pb_only_image_mode_wrap\"><img decoding=\"async\" src=\"https:\/\/taxsmartinvesting.org\/wp-content\/uploads\/2022\/04\/small_business_owner.jpg\" width=\"864\" height=\"576\" srcset=\"https:\/\/taxsmartinvesting.org\/wp-content\/uploads\/2022\/04\/small_business_owner.jpg 864w, https:\/\/taxsmartinvesting.org\/wp-content\/uploads\/2022\/04\/small_business_owner-480x320.jpg 480w\" sizes=\"(min-width: 0px) and (max-width: 480px) 480px, (min-width: 481px) 864px, 100vw\" class=\"et_animated wp-image-239319\" alt=\"small business planning\" \/><\/span><\/div><div class=\"et_pb_blurb_container\"><div class=\"et_pb_blurb_description\"><p>En representaci\u00f3n de nuestras responsabilidades fiduciarias, nos acercamos a planes de jubilaci\u00f3n para peque\u00f1os negocios en el Condado de Orange como un <strong>independiente y objetivo de la empresa<\/strong>en la evaluaci\u00f3n de la salud de su plan, fondo de selecciones, la distribuci\u00f3n de activos, y de igual importancia, razonable y adecuada cuota de puntos de referencia.<\/p>\n<\/div><\/div><\/div><\/div><\/div><\/div><\/div>","protected":false},"excerpt":{"rendered":"","protected":false},"author":1,"featured_media":0,"parent":0,"menu_order":0,"comment_status":"closed","ping_status":"closed","template":"","meta":{"footnotes":""},"class_list":["post-1397","page","type-page","status-publish","hentry"],"_links":{"self":[{"href":"https:\/\/taxsmartinvesting.org\/es\/wp-json\/wp\/v2\/pages\/1397","targetHints":{"allow":["GET"]}}],"collection":[{"href":"https:\/\/taxsmartinvesting.org\/es\/wp-json\/wp\/v2\/pages"}],"about":[{"href":"https:\/\/taxsmartinvesting.org\/es\/wp-json\/wp\/v2\/types\/page"}],"author":[{"embeddable":true,"href":"https:\/\/taxsmartinvesting.org\/es\/wp-json\/wp\/v2\/users\/1"}],"replies":[{"embeddable":true,"href":"https:\/\/taxsmartinvesting.org\/es\/wp-json\/wp\/v2\/comments?post=1397"}],"version-history":[{"count":63,"href":"https:\/\/taxsmartinvesting.org\/es\/wp-json\/wp\/v2\/pages\/1397\/revisions"}],"predecessor-version":[{"id":243801,"href":"https:\/\/taxsmartinvesting.org\/es\/wp-json\/wp\/v2\/pages\/1397\/revisions\/243801"}],"wp:attachment":[{"href":"https:\/\/taxsmartinvesting.org\/es\/wp-json\/wp\/v2\/media?parent=1397"}],"curies":[{"name":"wp","href":"https:\/\/api.w.org\/{rel}","templated":true}]}}