{"id":1399,"date":"2021-10-01T03:30:23","date_gmt":"2021-10-01T03:30:23","guid":{"rendered":"https:\/\/taxsmartinvesting.org\/?page_id=1399"},"modified":"2026-04-30T11:04:11","modified_gmt":"2026-04-30T18:04:11","slug":"financial-planning","status":"publish","type":"page","link":"https:\/\/taxsmartinvesting.org\/es\/financial-planning\/","title":{"rendered":"La Planificaci\u00f3n Financiera"},"content":{"rendered":"<div class=\"et_pb_section_0 et_pb_section et_section_regular et_block_section\"><div class=\"et_pb_row_0 et_pb_row et_block_row\"><div class=\"et_pb_column_0 et_pb_column et_pb_column_4_4 et-last-child et_block_column et_pb_css_mix_blend_mode_passthrough\"><div class=\"et_pb_blurb_0 et_pb_blurb et_pb_bg_layout_light et_pb_blurb_position_top et_pb_module et_block_module\"><div class=\"et_pb_blurb_content\"><div class=\"et_pb_blurb_container\"><h1 class=\"et_pb_module_header\">La Planificaci\u00f3n Financiera Del Condado De Orange<\/h1><\/div><\/div><\/div><\/div><\/div><div class=\"et_pb_row_1 et_pb_row et_pb_row_1-4_1-2_1-4 et_block_row et_block_row_1-4_1-2_1-4\"><div class=\"et_pb_column_1 et_pb_column et_pb_column_1_4 et_block_column et_pb_css_mix_blend_mode_passthrough\"><div class=\"et_pb_text_0 et_pb_text et_pb_bg_layout_light et_pb_module et_block_module\"><div class=\"et_pb_text_inner\" data-et-mv-hidden-tablet=\"true\" data-et-mv-hidden-phone=\"true\"><p>Cada decisi\u00f3n de vida tiene consecuencias financieras, que pueden ser de corto o largo plazo y pueden tener poco impacto o invisible implicaciones importantes. El proceso de planificaci\u00f3n financiera identifica las consideraciones de antemano.<\/p>\n<p>Consideramos que es nuestro deber llamar su atenci\u00f3n, las decisiones financieras que usted debe reconocer como m\u00e1s importantes y las razones por las oportunidades o desaf\u00edos que pueden existir.<\/p>\n<p><strong>\u00bfC\u00f3mo se siente verdaderamente sobre el dinero? Tome 2 minutos para<\/strong> <span style=\"color: #339966;\"><a href=\"https:\/\/taxsmartinvesting.org\/es\/emotional-investing\/\" style=\"color: #339966;\" target=\"_blank\" rel=\"noopener\"><span style=\"text-decoration: underline;\"><strong>descubre ahora<\/strong><\/span><\/a><\/span><\/p>\n<p>&nbsp;<\/p>\n<\/div><\/div><\/div><div class=\"et_pb_column_2 et_pb_column et_pb_column_1_2 et_block_column et_pb_css_mix_blend_mode_passthrough\"><div class=\"et_pb_blurb_1 et_pb_blurb et_pb_bg_layout_light et_pb_blurb_position_top et_pb_module et_block_module\"><div class=\"et_pb_blurb_content\"><div class=\"et_pb_main_blurb_image\"><span class=\"et_pb_image_wrap et_pb_only_image_mode_wrap\"><img decoding=\"async\" src=\"https:\/\/taxsmartinvesting.org\/wp-content\/uploads\/2021\/08\/Options-alone-are-not-the-basis-for-sound-financial-decisions-e1629240515887.jpg\" width=\"1900\" height=\"1013\" srcset=\"https:\/\/taxsmartinvesting.org\/wp-content\/uploads\/2021\/08\/Options-alone-are-not-the-basis-for-sound-financial-decisions-e1629240515887.jpg 1900w, https:\/\/taxsmartinvesting.org\/wp-content\/uploads\/2021\/08\/Options-alone-are-not-the-basis-for-sound-financial-decisions-1280x683.jpg 1280w, https:\/\/taxsmartinvesting.org\/wp-content\/uploads\/2021\/08\/Options-alone-are-not-the-basis-for-sound-financial-decisions-980x523.jpg 980w, https:\/\/taxsmartinvesting.org\/wp-content\/uploads\/2021\/08\/Options-alone-are-not-the-basis-for-sound-financial-decisions-480x256.jpg 480w\" sizes=\"(min-width: 0px) and (max-width: 480px) 480px, (min-width: 481px) and (max-width: 980px) 980px, (min-width: 981px) and (max-width: 1280px) 1280px, (min-width: 1281px) 1900px, 100vw\" class=\"et_animated wp-image-184 wp-image-173\" alt=\"tax wise investing\" \/><\/span><\/div><div class=\"et_pb_blurb_container\"><h4 class=\"et_pb_module_header\">La planificaci\u00f3n financiera se hace correctamente no es s\u00f3lo acerca de las inversiones, pero todas las facetas de su vida.<\/h4><\/div><\/div><\/div><div class=\"et_pb_blurb_2 et_pb_blurb et_pb_bg_layout_light et_pb_blurb_position_top et_pb_module et_block_module\"><div class=\"et_pb_blurb_content\"><div class=\"et_pb_main_blurb_image\"><span class=\"et_pb_image_wrap et_pb_only_image_mode_wrap\"><img decoding=\"async\" src=\"https:\/\/taxsmartinvesting.org\/wp-content\/uploads\/2021\/08\/purposeful-focused-financial-advice-provides-clarity-for-easier-and-better-decisions.jpg\" width=\"1920\" height=\"1024\" srcset=\"https:\/\/taxsmartinvesting.org\/wp-content\/uploads\/2021\/08\/purposeful-focused-financial-advice-provides-clarity-for-easier-and-better-decisions.jpg 1920w, https:\/\/taxsmartinvesting.org\/wp-content\/uploads\/2021\/08\/purposeful-focused-financial-advice-provides-clarity-for-easier-and-better-decisions-1280x683.jpg 1280w, https:\/\/taxsmartinvesting.org\/wp-content\/uploads\/2021\/08\/purposeful-focused-financial-advice-provides-clarity-for-easier-and-better-decisions-980x523.jpg 980w, https:\/\/taxsmartinvesting.org\/wp-content\/uploads\/2021\/08\/purposeful-focused-financial-advice-provides-clarity-for-easier-and-better-decisions-480x256.jpg 480w\" sizes=\"(min-width: 0px) and (max-width: 480px) 480px, (min-width: 481px) and (max-width: 980px) 980px, (min-width: 981px) and (max-width: 1280px) 1280px, (min-width: 1281px) 1920px, 100vw\" class=\"et_animated wp-image-173\" alt=\"tax wise investing\" \/><\/span><\/div><div class=\"et_pb_blurb_container\"><h4 class=\"et_pb_module_header\">La planificaci\u00f3n financiera no es s\u00f3lo acerca de la jubilaci\u00f3n o de las inversiones, pero todas las facetas de su vida.<\/h4><\/div><\/div><\/div><\/div><div class=\"et_pb_column_3 et_pb_column et_pb_column_1_4 et-last-child et_block_column et_pb_css_mix_blend_mode_passthrough\"><div class=\"et_pb_blurb_3 et_pb_blurb et_pb_bg_layout_light et_pb_blurb_position_top et_pb_module et_block_module\"><div class=\"et_pb_blurb_content\"><div class=\"et_pb_blurb_container\"><h4 class=\"et_pb_module_header\">Asesoramiento dise\u00f1ado para ti<\/h4><div class=\"et_pb_blurb_description\"><p><span style=\"font-weight: 400;\">Ofrecemos <\/span><b>consejos para todas las cuestiones de planificaci\u00f3n financiera<\/b><span style=\"font-weight: 400;\"> que afectan a su vida en el Condado de Orange, desde las grandes compras o gastos, beneficios del empleador, las inversiones, y, por supuesto, las implicaciones fiscales y oportunidades de cada uno.<\/span><\/p>\n<p>Tambi\u00e9n apoyamos a las asociaciones para proporcionar la coordinaci\u00f3n de los servicios para los fideicomisos, testamentos y planificaci\u00f3n patrimonial para asegurar su futuro se satisfacen las necesidades.<\/p>\n<\/div><\/div><\/div><\/div><\/div><\/div><div class=\"et_pb_row_2 et_pb_row et_block_row\"><div class=\"et_pb_column_4 et_pb_column et_pb_column_4_4 et-last-child et_block_column et_pb_css_mix_blend_mode_passthrough\"><div class=\"et_pb_text_1 et_pb_text et_pb_bg_layout_light et_pb_module et_block_module\"><div class=\"et_pb_text_inner\"><p>La vida rara vez va seg\u00fan lo previsto y, a veces, los desaf\u00edos pueden representar la planificaci\u00f3n financiera a preocupaciones tales como el divorcio, la p\u00e9rdida de un ser querido, o preocupaciones de salud para usted o un miembro de la familia. Oportunidades no previstas, tambi\u00e9n pueden representar una necesidad de coordinar la planificaci\u00f3n financiera de la herencia, de uso personal o de negocios financieros golpes de fortuna.<\/p>\n<\/div><\/div><\/div><\/div><\/div><div class=\"et_pb_section_1 et_pb_section et_section_regular et_block_section\"><div class=\"et_pb_row_3 et_pb_row et_block_row\"><div class=\"et_pb_column_5 et_pb_column et_pb_column_4_4 et-last-child et_block_column et_pb_css_mix_blend_mode_passthrough\"><div class=\"et_pb_image_0 et_pb_image et_pb_module et_block_module\"><span class=\"et_pb_image_wrap\"><img decoding=\"async\" src=\"https:\/\/taxsmartinvesting.org\/wp-content\/uploads\/2022\/05\/Our-client-process.png\" width=\"1040\" height=\"726\" srcset=\"https:\/\/taxsmartinvesting.org\/wp-content\/uploads\/2022\/05\/Our-client-process.png 1040w, https:\/\/taxsmartinvesting.org\/wp-content\/uploads\/2022\/05\/Our-client-process-980x684.png 980w, https:\/\/taxsmartinvesting.org\/wp-content\/uploads\/2022\/05\/Our-client-process-480x335.png 480w\" sizes=\"(min-width: 0px) and (max-width: 480px) 480px, (min-width: 481px) and (max-width: 980px) 980px, (min-width: 981px) 1040px, 100vw\" class=\"wp-image-239577\" title=\"Nuestra cliente-proceso de\" alt=\"financial planning process\" \/><\/span><\/div><\/div><\/div><\/div><div class=\"et_pb_section_2 et_pb_section et_section_regular et_block_section\"><div class=\"et_pb_row_4 et_pb_row et_block_row\"><div class=\"et_pb_column_6 et_pb_column et_pb_column_1_3 et_block_column et_pb_css_mix_blend_mode_passthrough\"><div class=\"et_pb_testimonial_0 et_pb_testimonial et_pb_icon_off et_pb_testimonial_no_image et_pb_bg_layout_light et_animated et_pb_module et_block_module\"><span class=\"et_pb_background_pattern\"><\/span><div class=\"et_pb_testimonial_inner\"><div class=\"et_pb_testimonial_description\"><div class=\"et_pb_testimonial_description_inner\"><div class=\"et_pb_testimonial_content\"><p>Usted puede haber hecho un gran trabajo en el desarrollo y mantenimiento de su cartera financiera y tal vez todo lo que necesita es un ocasional revisi\u00f3n de las estrategias y consejos principales para la planificaci\u00f3n financiera de las consideraciones a medida que se presentan. En este caso, estamos aqu\u00ed para usted seg\u00fan sea necesario, la prestaci\u00f3n de asesoramiento sobre una base horaria.<\/p>\n<\/div><\/div><div class=\"et_pb_testimonial_author\">Cada Hora Asesoramiento<\/div><div class=\"et_pb_testimonial_meta\"><\/div><\/div><\/div><\/div><\/div><div class=\"et_pb_column_7 et_pb_column et_pb_column_1_3 et_block_column et_pb_css_mix_blend_mode_passthrough\"><div class=\"et_pb_testimonial_1 et_pb_testimonial et_pb_icon_off et_pb_testimonial_no_image et_pb_bg_layout_light et_animated et_pb_module et_block_module\"><span class=\"et_pb_background_pattern\"><\/span><div class=\"et_pb_testimonial_inner\"><div class=\"et_pb_testimonial_description\"><div class=\"et_pb_testimonial_description_inner\"><div class=\"et_pb_testimonial_content\"><p>Usted puede preferir tener un equipo dedicado al dise\u00f1o de su corto y largo plazo y las estrategias para administrar y controlar su mundo financiero a trav\u00e9s de una l\u00ednea abierta de comunicaci\u00f3n regular y financiera objetivo de la planificaci\u00f3n de su trabajo y de inversiones personales. En este caso, estamos aqu\u00ed para proporcionar asesoramiento sobre una base regular como un tradicional porcentaje de los activos bajo gesti\u00f3n, trabajando como su socio para navegar los desaf\u00edos y aprovechar las oportunidades.<\/p>\n<\/div><\/div><div class=\"et_pb_testimonial_author\">Tarifa Basada En El Asesoramiento<\/div><div class=\"et_pb_testimonial_meta\"><\/div><\/div><\/div><\/div><\/div><div class=\"et_pb_column_8 et_pb_column et_pb_column_1_3 et-last-child et_block_column et_pb_css_mix_blend_mode_passthrough\"><div class=\"et_pb_testimonial_2 et_pb_testimonial et_pb_icon_off et_pb_testimonial_no_image et_pb_bg_layout_light et_animated et_pb_module et_block_module\"><span class=\"et_pb_background_pattern\"><\/span><div class=\"et_pb_testimonial_inner\"><div class=\"et_pb_testimonial_description\"><div class=\"et_pb_testimonial_description_inner\"><div class=\"et_pb_testimonial_content\"><p>Usted puede tener un situacional necesidad de un objetivo espec\u00edfico y que requieren de una opini\u00f3n imparcial. En general, esto significa un producto espec\u00edfico de soluci\u00f3n, lo que se compensa por un representante de la comisi\u00f3n para la colocaci\u00f3n de los negocios con ellos. Como una empresa independiente, trabajamos con todos los grandes de la clasificaci\u00f3n de las empresas y no tienen lazos o los requisitos para cualquier empresa, producto o soluci\u00f3n. Esto nos permite honrar a nuestro deber de centrarse en la mejor soluci\u00f3n posible para sus necesidades en lugar de una empresa de controlar y restringir nuestras opciones, o compensaci\u00f3n de pesaje injusto sesgo en cualquiera de las recomendaciones.<\/p>\n<\/div><\/div><div class=\"et_pb_testimonial_author\">Soluci\u00f3n Basada En El Asesoramiento<\/div><div class=\"et_pb_testimonial_meta\"><\/div><\/div><\/div><\/div><\/div><\/div><\/div><div class=\"et_pb_section_3 et_pb_section et_section_regular et_block_section\"><div class=\"et_pb_row_5 et_pb_row et_block_row\"><div class=\"et_pb_column_9 et_pb_column et_pb_column_1_2 et_block_column et_pb_css_mix_blend_mode_passthrough\"><div class=\"et_pb_blurb_4 et_pb_blurb et_pb_bg_layout_light et_pb_blurb_position_top et_pb_module et_block_module\"><div class=\"et_pb_blurb_content\"><div class=\"et_pb_blurb_container\"><div class=\"et_pb_blurb_description\"><p>Todas sus decisiones financieras tienen un objetivo final para alinear sus objetivos personales con los que son para el beneficio de los dem\u00e1s. <span style=\"color: #008000;\"><a href=\"https:\/\/www.forbes.com\/sites\/laurashin\/2013\/08\/07\/10-reasons-why-financial-plans-arent-just-for-the-1\/?sh=37222b31d7a3\" target=\"_blank\" rel=\"noopener\" style=\"color: #008000;\">La planificaci\u00f3n financiera<\/a> <\/span>le permite posicionarse para el mejor de los casos, y como es capaz de lograr un considerable \u00e9xito financiero, se vuelven conscientes de que la familia, la filantrop\u00eda, y el legado va a ser el largo plazo, juego de pasado de los a\u00f1os de ser capaz de disfrutar de los frutos de su trabajo.<\/p>\n<p><span style=\"font-weight: 400;\">Usted necesita un excepcional<\/span><span style=\"font-weight: 400;\"> la planificaci\u00f3n financiera del Condado de Orange equipo que va m\u00e1s all\u00e1 del enfoque de hoy <\/span><b>coloque sus intereses a largo plazo de primera para su beneficio <\/b><span style=\"font-weight: 400;\">y todo lo que han trabajado, junto con las implicaciones futuras para su familia, intereses empresariales, y las causas que son importantes para usted.<\/span><\/p>\n<p>Los resultados de su arduo trabajo permiten un prop\u00f3sito, bien ganada, de la vida que crea un legado m\u00e1s all\u00e1 de usted. A trav\u00e9s de la coordinaci\u00f3n de los diferentes profesionales, examinamos consideraciones, ponemos a sus deseos en acciones claras prioridades para ver que tus sue\u00f1os, para ti son tan bien planeado como para los individuos y las causas que le son queridos.<\/p>\n<\/div><\/div><\/div><\/div><\/div><div class=\"et_pb_column_10 et_pb_column et_pb_column_1_2 et-last-child et_block_column et_pb_css_mix_blend_mode_passthrough\"><div class=\"et_pb_blurb_5 et_pb_blurb et_pb_bg_layout_light et_pb_blurb_position_top et_pb_module et_block_module\"><div class=\"et_pb_blurb_content\"><div class=\"et_pb_main_blurb_image\"><span class=\"et_pb_image_wrap et_pb_only_image_mode_wrap\"><img decoding=\"async\" src=\"https:\/\/taxsmartinvesting.org\/wp-content\/uploads\/2022\/01\/family-planning-scaled.jpg\" width=\"1620\" height=\"1080\" srcset=\"https:\/\/taxsmartinvesting.org\/wp-content\/uploads\/2022\/01\/family-planning-scaled.jpg 1620w, https:\/\/taxsmartinvesting.org\/wp-content\/uploads\/2022\/01\/family-planning-1280x853.jpg 1280w, https:\/\/taxsmartinvesting.org\/wp-content\/uploads\/2022\/01\/family-planning-980x653.jpg 980w, https:\/\/taxsmartinvesting.org\/wp-content\/uploads\/2022\/01\/family-planning-480x320.jpg 480w\" sizes=\"(min-width: 0px) and (max-width: 480px) 480px, (min-width: 481px) and (max-width: 980px) 980px, (min-width: 981px) and (max-width: 1280px) 1280px, (min-width: 1281px) 1620px, 100vw\" class=\"et_animated wp-image-2103\" alt=\"Financial planning\" \/><\/span><\/div><div class=\"et_pb_blurb_container\"><h4 class=\"et_pb_module_header\">Vivir una vida con prop\u00f3sito extiende una riqueza para todos aquellos que, en su cuidado.<\/h4><\/div><\/div><\/div><\/div><\/div><\/div><div class=\"et_pb_section_4 et_pb_section et_section_regular et_block_section\"><div class=\"et_pb_row_6 et_pb_row et_block_row\"><div class=\"et_pb_column_11 et_pb_column et_pb_column_4_4 et-last-child et_block_column et_pb_css_mix_blend_mode_passthrough\"><div class=\"et_pb_cta_0 et_pb_promo et_pb_bg_layout_dark et_clickable et_pb_module et_block_module\"><div class=\"et_pb_promo_description\"><h2 class=\"et_pb_module_header\">Programar una conversaci\u00f3n con respecto a su personal en la planificaci\u00f3n financiera en el Condado de Orange<\/h2><div class=\"et_pb_promo_content\"><p>Nuestras tarifas costeables, est\u00e1n dise\u00f1ados para ser flexibles. Sus honorarios no debe ser basada en la complejidad, a menos que sus necesidades requieren tal detalle.<\/p>\n<p>Podemos ofrecer asesoramiento, podemos llegar a su completo servicio financiero de equipo, o podemos encontrar la mejor soluci\u00f3n para su situaci\u00f3n.<\/p>\n<p>Como siempre, su consulta inicial es gratis. Queremos que ustedes decidan que somos el socio adecuado, y no hay valor en una exploraci\u00f3n m\u00e1s profunda de lo que podemos lograr juntos.<\/p>\n<p><strong>Tambi\u00e9n ofrecemos apoyo mensual de suscripci\u00f3n de servicios de asesoramiento financiero, o incluso de la de su lugar de trabajo 401(k), 403(b) o 457 plan.<\/strong><\/p>\n<\/div><\/div><div class=\"et_pb_button_wrapper\"><a class=\"et_pb_button et_pb_promo_button\" target=\"_blank\" href=\"https:\/\/taxsmartinvesting.org\/es\/schedule\/\" data-icon=\"5\" rel=\"noreferrer\">P\u00f3ngase En Contacto Con Nosotros<\/a><\/div><\/div><\/div><\/div><\/div>","protected":false},"excerpt":{"rendered":"","protected":false},"author":1,"featured_media":0,"parent":0,"menu_order":0,"comment_status":"closed","ping_status":"closed","template":"","meta":{"footnotes":""},"class_list":["post-1399","page","type-page","status-publish","hentry"],"_links":{"self":[{"href":"https:\/\/taxsmartinvesting.org\/es\/wp-json\/wp\/v2\/pages\/1399","targetHints":{"allow":["GET"]}}],"collection":[{"href":"https:\/\/taxsmartinvesting.org\/es\/wp-json\/wp\/v2\/pages"}],"about":[{"href":"https:\/\/taxsmartinvesting.org\/es\/wp-json\/wp\/v2\/types\/page"}],"author":[{"embeddable":true,"href":"https:\/\/taxsmartinvesting.org\/es\/wp-json\/wp\/v2\/users\/1"}],"replies":[{"embeddable":true,"href":"https:\/\/taxsmartinvesting.org\/es\/wp-json\/wp\/v2\/comments?post=1399"}],"version-history":[{"count":80,"href":"https:\/\/taxsmartinvesting.org\/es\/wp-json\/wp\/v2\/pages\/1399\/revisions"}],"predecessor-version":[{"id":243802,"href":"https:\/\/taxsmartinvesting.org\/es\/wp-json\/wp\/v2\/pages\/1399\/revisions\/243802"}],"wp:attachment":[{"href":"https:\/\/taxsmartinvesting.org\/es\/wp-json\/wp\/v2\/media?parent=1399"}],"curies":[{"name":"wp","href":"https:\/\/api.w.org\/{rel}","templated":true}]}}